{"id":80,"date":"2019-08-03T21:55:26","date_gmt":"2019-08-03T19:55:26","guid":{"rendered":"http:\/\/quitoparagliding.com\/web\/?page_id=80"},"modified":"2021-01-24T13:13:32","modified_gmt":"2021-01-24T18:13:32","slug":"vuelos-tandem","status":"publish","type":"page","link":"http:\/\/quitoparagliding.com\/web\/vuelos-tandem\/","title":{"rendered":"VUELOS TANDEM"},"content":{"rendered":"<div class=\"wpb-content-wrapper\"><p>[vc_row full_width=\u00bbstretch_row_content\u00bb parallax_content=\u00bboff\u00bb fadeout_row=\u00bboff\u00bb enable_overlay=\u00bbenable_overlay_value\u00bb css=\u00bb.vc_custom_1565142733555{background-position: center !important;background-repeat: no-repeat !important;background-size: cover !important;}\u00bb][vc_column][rev_slider_vc alias=\u00bbtandem\u00bb][\/vc_column][\/vc_row][vc_row full_width=\u00bbstretch_row_content_no_spaces\u00bb bg_type=\u00bbbg_color\u00bb seperator_enable=\u00bbseperator_enable_value\u00bb seperator_type=\u00bbtilt_right_seperator\u00bb seperator_shape_background=\u00bb#8edb00&#8243; bg_color_value=\u00bb#ffffff\u00bb css=\u00bb.vc_custom_1565142745707{margin-top: -50px !important;}\u00bb][vc_column]<div class=\"boc_spacing \" style=\"height: 70px\"><\/div>[\/vc_column][\/vc_row][vc_row][vc_column width=\u00bb1\/2&#8243; css=\u00bb.vc_custom_1564863747526{padding-right: 40px !important;}\u00bb]<h2 class=\"boc_heading  al_left  \"  style=\"margin-bottom: 20px;margin-top: 0px;color: #dd0000;font-size: 50px;\"><span>Vuelos Tandem<\/span><\/h2>[vc_column_text]<\/p>\n<p style=\"text-align: justify;\">El \u00a0vuelo t\u00e1ndem o biplaza es donde tu podr\u00e1s hacer tu sue\u00f1o realidad de\u00a0<strong>despegar los pies de la tierra<\/strong>\u00a0y desplazarte por las monta\u00f1as de los andes ecuatorianos con nuestro staff de pilotos que te llevar\u00e1n por un paseo incre\u00edble..!!<\/p>\n<p style=\"text-align: justify;\" align=\"justify\">El cliente no necesita tener ning\u00fan conocimiento previo, el instructor realizar\u00e1 una charla t\u00e9cnica previa a la actividad de vuelo libre.\u00a0El\u00a0<strong>vuelo en t\u00e1ndem<\/strong>, con un\u00a0<strong>parapente biplaza<\/strong>, es apto para pr\u00e1cticamente todas las personas, desde ni\u00f1os hasta adultos mayores (en Quito Paragliding hemos volado con ni\u00f1os de 6 a\u00f1os hasta 70 a\u00f1os).<\/p>\n<p style=\"text-align: justify;\" align=\"justify\">Para poder\u00a0<strong>volar en t\u00e1ndem \u2013 biplaza<\/strong>\u00a0no hace falta estar en una forma f\u00edsica especial. Sin embargo, si tienes alguna discapacidad o inquietud no dudes en coment\u00e1rnoslo. Trabajamos todos los d\u00edas del a\u00f1o.<\/p>\n<p>[\/vc_column_text]<h2 class=\"boc_heading  al_left  \"  style=\"margin-bottom: 20px;margin-top: 0px;color: #dd0000;font-size: 50px;\"><span>Ibarra<\/span><\/h2>[vc_column_text]<strong>Quito Paragliding &#8211; Parapente<\/strong>, te lleva a desafiar las alturas y apreciar un entorno natural \u00fanico en los Andes Ecuatorianos. La ciudad de <strong>Ibarra<\/strong> brinda la oportunidad de observar las maravillas de la naturaleza y poder desplazarte por los aires de <strong>Ibarra<\/strong> y contemplar los volcanes <strong>Imbabura &#8211; Cotacachi &#8211; Fuya Fuya<\/strong> , as\u00ed como tambi\u00e9n, su <strong>Laguna de Yahuarcocha<\/strong>, siendo unos de los principales atractivos tur\u00edsticos de la ciudad de <strong>Ibarra.<\/strong><\/p>\n<p>Nuestro despegue se encuentra a los 2930 msnm., en la monta\u00f1a de <strong>Yuracrucito<\/strong>, Aqu\u00ed nuestro equipo de pilotos de <strong>Quito Paragliding &#8211; Parapente<\/strong> te llevar\u00e1n en un\u00a0<strong>vuelo t\u00e1ndem<\/strong> entre 10 a 20 min. con corrientes t\u00e9rmicas que nos ayudaran a subir sobre los 3050 msnm.<\/p>\n<p>El aterrizaje es en la zona de la <strong>Laguna de Yahuarcocha<\/strong>, es en una zona libre de obst\u00e1culos que brindan una mayor seguridad cuando realizamos nuestro descenso. Esta se encuentra a los 2200 msnm.<\/p>\n<p>Sin duda el mejor sitio para volar en la zona norte del pa\u00eds.[\/vc_column_text]<h2 class=\"boc_heading  al_left  \"  style=\"margin-bottom: 20px;margin-top: 0px;color: #dd0000;font-size: 50px;\"><span>QUITO<\/span><\/h2>[vc_column_text]La capital de los ecuatorianos Quito ofrece la actividad de vuelo t\u00e1ndem en parapente. Nuestro equipo de pilotos de <strong>Quito Paragliding &#8211; Parapente<\/strong>, te llevan a un vuelo desde el cerro Auqui. El despegue se encuentra sobre los 3000 msnm., donde la mezcla de lo urbano y el callej\u00f3n interandino se muestra imponente desde el despegue. \u00a0Por lo que hace de este un vuelo \u00fanico e indescriptible<\/p>\n<p>Nuestro equipo de pilotos de <strong>Quito Paragliding &#8211; Parapente<\/strong> te llevar\u00e1n a este\u00a0 emocionante vuelo que durar\u00e1 entre 8 y 11 minutos. Nuestro aterrizaje se lo realizar\u00e1 en el sector de Lumbis\u00ed a 2.500 msnm.<\/p>\n<p>Ven y descubre lo que Quito te puede ofrecer.[\/vc_column_text][\/vc_column][vc_column width=\u00bb1\/2&#8243;]<h2 class=\"boc_heading  al_left  \"  style=\"margin-bottom: 20px;margin-top: 0px;color: #000000;font-size: 37px;\"><span>Preguntas frecuentes<\/span><\/h2><div class=\"acc_holder    \"><div class=\"acc_item\"><h4 class=\"accordion\"><span class=\"acc_control \"><\/span><span class=\"acc_heading\">\u00bfSi tengo v\u00e9rtigo puedo volar?<\/span><\/h4><div class=\"accordion_content\"><\/p>\n<p style=\"text-align: justify;\">El v\u00e9rtigo no afecta durante el vuelo, ya que todas las referencias est\u00e1n muy lejos de nosotros y adem\u00e1s vamos c\u00f3modamente sentados, con lo que la sensaci\u00f3n de v\u00e9rtigo no existe.<\/p>\n<p><\/div><\/div><div class=\"acc_item\"><h4 class=\"accordion\"><span class=\"acc_control \"><\/span><span class=\"acc_heading\">\u00bfContamos con alg\u00fan tipo de seguro?<\/span><\/h4><div class=\"accordion_content\"><\/p>\n<p style=\"text-align: justify;\">Quito Paragliding te otorga un seguro contra accidentes al realizar nuestras actividades de aventura o al aire libre. Brindando placer y seguridad.<\/p>\n<p><\/div><\/div><div class=\"acc_item\"><h4 class=\"accordion\"><span class=\"acc_control \"><\/span><span class=\"acc_heading\">\u00bfExiste alguna limitaci\u00f3n del peso para volar?<\/span><\/h4><div class=\"accordion_content\"><\/p>\n<p style=\"text-align: justify;\">En caso de que los pasajeros pesen\u00a0 m\u00e1s de 88 kg. nos deber\u00e1n consultar previamente, ya que es importante no sobrepasar en vuelo el peso total que recomienda el fabricante y que resulta de la suma del peso del equipo, mas el peso de piloto y pasajero.<\/p>\n<p><\/div><\/div><div class=\"acc_item\"><h4 class=\"accordion\"><span class=\"acc_control \"><\/span><span class=\"acc_heading\">\u00bfCu\u00e1nto tiempo dura la actividad?<\/span><\/h4><div class=\"accordion_content\"><\/p>\n<p style=\"text-align: justify;\">Debes contar con un tiempo total aproximado de 2 horas, ya que debemos trasladarnos hasta el aterrizaje, subir a la monta\u00f1a, desplegar equipos, realizar una charla introductoria, chequear condiciones del viento o que otros pasajeros o alumnos vuelen antes que ti. El vuelo en s\u00ed tendr\u00e1 una duraci\u00f3n aproximada entre 15 \u2013 20 minutos.<\/p>\n<p><\/div><\/div><div class=\"acc_item\"><h4 class=\"accordion\"><span class=\"acc_control \"><\/span><span class=\"acc_heading\">\u00bfPueden venir acompa\u00f1antes a verme volar?<\/span><\/h4><div class=\"accordion_content\"><\/p>\n<p style=\"text-align: justify;\">Por supuesto que si, pueden acompa\u00f1arte amigos o familiares que quieran verte volar. Debes tener en cuenta que para los acompa\u00f1antes no esta incluido el transporte por lo que debes cancelar el d\u00eda de la actividad \u00f3 subir en sus propios veh\u00edculos. Si traes ni\u00f1os peque\u00f1os te recomendamos traer todo lo necesario (comida, bebidas, etc.) piensa que podemos pasar varias horas en la monta\u00f1a o al aire libre.<\/p>\n<p><\/div><\/div><div class=\"acc_item\"><h4 class=\"accordion\"><span class=\"acc_control \"><\/span><span class=\"acc_heading\">\u00bfQu\u00e9 condiciones f\u00edsicas hay que tener para volar en parapente?<\/span><\/h4><div class=\"accordion_content\"><\/p>\n<p style=\"text-align: justify;\">Para los vuelos en parapente biplaza no es necesario tener ninguna condici\u00f3n f\u00edsica especial, simplemente ser capaz de realizar una peque\u00f1a carrera, ya que en este caso todo lo hace el instructor. Hemos volado con ni\u00f1os desde 8 a\u00f1os a personas de hasta 80 a\u00f1os. Es apto para todo p\u00fablico.<\/p>\n<p><\/div><\/div><div class=\"acc_item\"><h4 class=\"accordion\"><span class=\"acc_control \"><\/span><span class=\"acc_heading\">\u00bfPor qu\u00e9 se pueden cancelar los vuelos?<\/span><\/h4><div class=\"accordion_content\"><\/p>\n<p style=\"text-align: justify;\">Nosotros siempre estamos evaluando las condiciones meteorol\u00f3gicas aunque estas son medianamente predecibles, porque si en alg\u00fan momento estuvi\u00e9ramos seguros de que el tiempo no estuviera \u00f3ptimo, nos pondremos en contacto para cancelar la actividad y coordinar para una pr\u00f3xima fecha.<\/p>\n<p style=\"text-align: justify;\">A veces, estamos en el despegue y vemos volar otros parapentes, eso no significa que el d\u00eda sea apto para volar, ya que existen pilotos experimentados que asumen los riesgos de su vuelo con respecto a las condiciones existentes al momento.<\/p>\n<p style=\"text-align: justify;\">Los pilotos de Quito Paragliding nunca van a sobrepasar los l\u00edmites de seguridad, por lo que en estos casos e incluso en el despegue nos reservaremos el derecho a cancelar, siempre pensando en la seguridad y la confianza entregada a nosotros.<\/p>\n<p><\/div><\/div><\/div><div class=\"boc_spacing \" style=\"height: 200px\"><\/div>[vc_single_image image=\u00bb84&#8243;]<div class=\"boc_spacing \" style=\"height: 400px\"><\/div>[vc_single_image image=\u00bb376&#8243;][\/vc_column][\/vc_row][vc_row][vc_column]<div class=\"boc_spacing \" style=\"height: 20px\"><\/div>[\/vc_column][\/vc_row][vc_row][vc_column width=\u00bb1\/3&#8243;][vc_single_image img_size=\u00bbboc_medium\u00bb alignment=\u00bbright\u00bb style=\u00bbvc_box_outline\u00bb border_color=\u00bbchino\u00bb image=\u00bb58&#8243;][\/vc_column][vc_column width=\u00bb1\/3&#8243;][vc_single_image alignment=\u00bbright\u00bb style=\u00bbvc_box_outline\u00bb border_color=\u00bbchino\u00bb image=\u00bb312&#8243;][\/vc_column][vc_column width=\u00bb1\/3&#8243;][vc_single_image alignment=\u00bbright\u00bb style=\u00bbvc_box_outline\u00bb border_color=\u00bbchino\u00bb image=\u00bb321&#8243;][\/vc_column][\/vc_row][vc_row][vc_column]<div class=\"boc_spacing \" style=\"height: 20px\"><\/div>[\/vc_column][\/vc_row][vc_row disable_element=\u00bbyes\u00bb][vc_column]<div class=\"boc_spacing \" style=\"height: 50px\"><\/div>[vc_video link=\u00bbhttps:\/\/www.youtube.com\/watch?v=u1yQctiHAuA\u00bb][\/vc_column][\/vc_row]<\/p>\n<\/div>","protected":false},"excerpt":{"rendered":"<p>[vc_row full_width=\u00bbstretch_row_content\u00bb parallax_content=\u00bboff\u00bb fadeout_row=\u00bboff\u00bb enable_overlay=\u00bbenable_overlay_value\u00bb css=\u00bb.vc_custom_1565142733555{background-position: center !important;background-repeat: no-repeat !important;background-size: cover !important;}\u00bb][vc_column][rev_slider_vc alias=\u00bbtandem\u00bb][\/vc_column][\/vc_row][vc_row full_width=\u00bbstretch_row_content_no_spaces\u00bb bg_type=\u00bbbg_color\u00bb seperator_enable=\u00bbseperator_enable_value\u00bb seperator_type=\u00bbtilt_right_seperator\u00bb seperator_shape_background=\u00bb#8edb00&#8243; bg_color_value=\u00bb#ffffff\u00bb css=\u00bb.vc_custom_1565142745707{margin-top: -50px !important;}\u00bb][vc_column][\/vc_column][\/vc_row][vc_row][vc_column width=\u00bb1\/2&#8243; css=\u00bb.vc_custom_1564863747526{padding-right: 40px !important;}\u00bb][vc_column_text] El \u00a0vuelo t\u00e1ndem o biplaza es donde tu podr\u00e1s hacer tu sue\u00f1o realidad de\u00a0despegar los pies de la tierra\u00a0y desplazarte por las monta\u00f1as de los andes ecuatorianos con nuestro staff de pilotos que te<\/p>\n<div class=\"h10\"><\/div>\n<p><a class=\"more-link1\" href=\"http:\/\/quitoparagliding.com\/web\/vuelos-tandem\/\">Read more<\/a><\/p>\n","protected":false},"author":1,"featured_media":0,"parent":0,"menu_order":0,"comment_status":"open","ping_status":"closed","template":"","meta":{"footnotes":""},"class_list":["post-80","page","type-page","status-publish","hentry"],"aioseo_notices":[],"_links":{"self":[{"href":"http:\/\/quitoparagliding.com\/web\/wp-json\/wp\/v2\/pages\/80"}],"collection":[{"href":"http:\/\/quitoparagliding.com\/web\/wp-json\/wp\/v2\/pages"}],"about":[{"href":"http:\/\/quitoparagliding.com\/web\/wp-json\/wp\/v2\/types\/page"}],"author":[{"embeddable":true,"href":"http:\/\/quitoparagliding.com\/web\/wp-json\/wp\/v2\/users\/1"}],"replies":[{"embeddable":true,"href":"http:\/\/quitoparagliding.com\/web\/wp-json\/wp\/v2\/comments?post=80"}],"version-history":[{"count":34,"href":"http:\/\/quitoparagliding.com\/web\/wp-json\/wp\/v2\/pages\/80\/revisions"}],"predecessor-version":[{"id":421,"href":"http:\/\/quitoparagliding.com\/web\/wp-json\/wp\/v2\/pages\/80\/revisions\/421"}],"wp:attachment":[{"href":"http:\/\/quitoparagliding.com\/web\/wp-json\/wp\/v2\/media?parent=80"}],"curies":[{"name":"wp","href":"https:\/\/api.w.org\/{rel}","templated":true}]}}