{"id":10,"date":"2019-07-31T16:44:23","date_gmt":"2019-07-31T14:44:23","guid":{"rendered":"http:\/\/quitoparagliding.com\/web\/?page_id=10"},"modified":"2021-01-19T11:09:23","modified_gmt":"2021-01-19T16:09:23","slug":"nosotros","status":"publish","type":"page","link":"https:\/\/quitoparagliding.com\/web\/nosotros\/","title":{"rendered":"NOSOTROS"},"content":{"rendered":"<div class=\"wpb-content-wrapper\"><p>[vc_row full_width=\u00bbstretch_row_content\u00bb bg_type=\u00bbbg_color\u00bb parallax_content=\u00bboff\u00bb fadeout_row=\u00bboff\u00bb enable_overlay=\u00bboff\u00bb seperator_enable=\u00bbseperator_enable_value\u00bb seperator_type=\u00bbtilt_right_seperator\u00bb seperator_position=\u00bbbottom_seperator\u00bb seperator_svg_height=\u00bb70&#8243; seperator_shape_background=\u00bb#000000&#8243; css=\u00bb.vc_custom_1565140252966{background-position: center !important;background-repeat: no-repeat !important;background-size: cover !important;}\u00bb bg_color_value=\u00bb#ffffff\u00bb][vc_column]\n\t\t\t<!-- START Nosotros REVOLUTION SLIDER 6.6.20 --><p class=\"rs-p-wp-fix\"><\/p>\n\t\t\t<rs-module-wrap id=\"rev_slider_18_1_wrapper\" data-source=\"gallery\" style=\"visibility:hidden;background:transparent;padding:0;\">\n\t\t\t\t<rs-module id=\"rev_slider_18_1\" style=\"\" data-version=\"6.6.20\">\n\t\t\t\t\t<rs-slides style=\"overflow: hidden; position: absolute;\">\n\t\t\t\t\t\t<rs-slide style=\"position: absolute;\" data-key=\"rs-45\" data-title=\"Slide\" data-anim=\"adpr:false;\">\n\t\t\t\t\t\t\t<img decoding=\"async\" src=\"\/\/quitoparagliding.com\/web\/wp-content\/plugins\/revslider\/public\/assets\/assets\/dummy.png\" alt=\"\" title=\"NOSOTROS\" class=\"rev-slidebg tp-rs-img rs-lazyload\" data-lazyload=\"\/\/quitoparagliding.com\/web\/wp-content\/uploads\/2021\/01\/NIKON-D51006879-scaled.jpg\" data-panzoom=\"d:7000;ss:110;se:100;os:1\/0;oe:300\/0;\" data-no-retina>\n<!--\n\t\t\t\t\t\t\t--><rs-layer\n\t\t\t\t\t\t\t\tid=\"slider-18-slide-45-layer-1\" \n\t\t\t\t\t\t\t\tdata-type=\"text\"\n\t\t\t\t\t\t\t\tdata-color=\"#ffffff\"\n\t\t\t\t\t\t\t\tdata-rsp_ch=\"on\"\n\t\t\t\t\t\t\t\tdata-xy=\"x:c;xo:34px;y:c;yo:192px;\"\n\t\t\t\t\t\t\t\tdata-text=\"s:125;l:140;ls:5px;a:center;\"\n\t\t\t\t\t\t\t\tdata-frame_0=\"y:100%;tp:600;\"\n\t\t\t\t\t\t\t\tdata-frame_0_mask=\"u:t;y:100%;\"\n\t\t\t\t\t\t\t\tdata-frame_1=\"tp:600;e:power2.inOut;sp:1450;sR:10;\"\n\t\t\t\t\t\t\t\tdata-frame_1_mask=\"u:t;\"\n\t\t\t\t\t\t\t\tdata-frame_999=\"y:-100%;tp:600;e:nothing;st:w;sR:3540;\"\n\t\t\t\t\t\t\t\tdata-frame_999_mask=\"u:t;\"\n\t\t\t\t\t\t\t\tstyle=\"z-index:5;font-family:'Anton';\"\n\t\t\t\t\t\t\t>NOSOTROS \n\t\t\t\t\t\t\t<\/rs-layer><!--\n-->\t\t\t\t\t\t<\/rs-slide>\n\t\t\t\t\t<\/rs-slides>\n\t\t\t\t<\/rs-module>\n\t\t\t\t<script>\n\t\t\t\t\tsetREVStartSize({c: 'rev_slider_18_1',rl:[1240,1024,778,480],el:[],gw:[1400],gh:[500],type:'standard',justify:'',layout:'fullscreen',offsetContainer:'',offset:'',mh:\"0\"});if (window.RS_MODULES!==undefined && window.RS_MODULES.modules!==undefined && window.RS_MODULES.modules[\"revslider181\"]!==undefined) {window.RS_MODULES.modules[\"revslider181\"].once = false;window.revapi18 = undefined;if (window.RS_MODULES.checkMinimal!==undefined) window.RS_MODULES.checkMinimal()}\n\t\t\t\t<\/script>\n\t\t\t<\/rs-module-wrap>\n\t\t\t<!-- END REVOLUTION SLIDER -->\n[\/vc_column][\/vc_row][vc_row gap=\u00bb30&#8243; css=\u00bb.vc_custom_1565141769410{margin-right: 30px !important;margin-left: 30px !important;}\u00bb][vc_column width=\u00bb1\/2&#8243;]<div class=\"boc_spacing \" style=\"height: 20px\"><\/div>[vc_single_image alignment=\u00bbright\u00bb style=\u00bbvc_box_outline\u00bb border_color=\u00bbchino\u00bb css_animation=\u00bbboc_animate_when_almost_visible boc_right-to-left\u00bb image=\u00bb322&#8243;][vc_single_image alignment=\u00bbright\u00bb style=\u00bbvc_box_outline\u00bb border_color=\u00bbchino\u00bb css_animation=\u00bbboc_animate_when_almost_visible boc_right-to-left\u00bb image=\u00bb312&#8243;][\/vc_column][vc_column width=\u00bb1\/2&#8243;][vc_column_text]<\/p>\n<p style=\"text-align: justify;\">Quito Paragliding les da la bienvenida a desafiar la gravedad sobre altas monta\u00f1as y extensas laderas. Volar a sido el reto del hombre desde sus inicios lo que en la actualidad ya contamos con equipos que nos pueden desplazar sobre las alturas.<\/p>\n<p style=\"text-align: justify;\">Muchos han sido los cambios y evoluciones a lo largo del tiempo, apostando siempre por una mayor seguridad y estabilidad en vuelo, hasta llegar a convertirse en un deporte seguro y apto para todo p\u00fablico y edades. Quito Paragliding-Parapente es una escuela conformada por gente joven, apasionada por el vuelo libre en parapente, gente profesional dedicada a la ense\u00f1anza, servicios de vuelos t\u00e1ndem y tours tur\u00edsticos en las zonas de vuelo que goza nuestro bello pa\u00eds. En Quito Paragliding-Parapente contamos con todas las licencias y certificaciones otorgadas por el Ministerio de Turismo &#8211; Asociaci\u00f3n Ecuatoriana de Escuelas y Pilotos Profesionales de Parapente &#8211; APPI Internacional.<\/p>\n<p>[\/vc_column_text][\/vc_column][\/vc_row][vc_row][vc_column]<div class=\"boc_spacing \" style=\"height: 20px\"><\/div>[\/vc_column][\/vc_row][vc_row gap=\u00bb30&#8243; css=\u00bb.vc_custom_1565141795414{margin-right: 30px !important;margin-left: 30px !important;}\u00bb][vc_column width=\u00bb1\/2&#8243;][vc_column_text]<\/p>\n<p style=\"text-align: justify;\">Cientos de personas han llegado a Quito Paragliding- Parapente procedentes de todos los rincones para aprender a volar y disfrutar de nuestro estupendo clima y nuestro paisaje \u00fanico y diverso en el Ecuador.<\/p>\n<p style=\"text-align: justify;\">Para el desarrollo de nuestro deporte contamos con los mejores equipos y las t\u00e9cnicas de ense\u00f1anza desarrolladas a lo largo de a\u00f1os de experiencia, seleccionando las mejores zonas de vuelo y las condiciones meteorol\u00f3gicas m\u00e1s apropiadas, con una \u00fanica obsesi\u00f3n:<strong> La seguridad.<\/strong><\/p>\n<p>[\/vc_column_text][\/vc_column][vc_column width=\u00bb1\/2&#8243;][vc_single_image style=\u00bbvc_box_outline\u00bb css_animation=\u00bbboc_animate_when_almost_visible boc_left-to-right\u00bb image=\u00bb270&#8243;][\/vc_column][\/vc_row][vc_row][vc_column]<div class=\"boc_spacing \" style=\"height: 50px\"><\/div>[\/vc_column][\/vc_row]<\/p>\n<\/div>","protected":false},"excerpt":{"rendered":"<p>[vc_row full_width=\u00bbstretch_row_content\u00bb bg_type=\u00bbbg_color\u00bb parallax_content=\u00bboff\u00bb fadeout_row=\u00bboff\u00bb enable_overlay=\u00bboff\u00bb seperator_enable=\u00bbseperator_enable_value\u00bb seperator_type=\u00bbtilt_right_seperator\u00bb seperator_position=\u00bbbottom_seperator\u00bb seperator_svg_height=\u00bb70&#8243; seperator_shape_background=\u00bb#000000&#8243; css=\u00bb.vc_custom_1565140252966{background-position: center !important;background-repeat: no-repeat !important;background-size: cover !important;}\u00bb bg_color_value=\u00bb#ffffff\u00bb][vc_column][\/vc_column][\/vc_row][vc_row gap=\u00bb30&#8243; css=\u00bb.vc_custom_1565141769410{margin-right: 30px !important;margin-left: 30px !important;}\u00bb][vc_column width=\u00bb1\/2&#8243;][vc_single_image alignment=\u00bbright\u00bb style=\u00bbvc_box_outline\u00bb border_color=\u00bbchino\u00bb css_animation=\u00bbboc_animate_when_almost_visible boc_right-to-left\u00bb image=\u00bb322&#8243;][vc_single_image alignment=\u00bbright\u00bb style=\u00bbvc_box_outline\u00bb border_color=\u00bbchino\u00bb css_animation=\u00bbboc_animate_when_almost_visible boc_right-to-left\u00bb image=\u00bb312&#8243;][\/vc_column][vc_column width=\u00bb1\/2&#8243;][vc_column_text] Quito Paragliding les da la bienvenida a desafiar la gravedad sobre altas monta\u00f1as y extensas laderas. Volar a sido el reto<\/p>\n<div class=\"h10\"><\/div>\n<p><a class=\"more-link1\" href=\"https:\/\/quitoparagliding.com\/web\/nosotros\/\">Read more<\/a><\/p>\n","protected":false},"author":1,"featured_media":0,"parent":0,"menu_order":0,"comment_status":"closed","ping_status":"closed","template":"","meta":{"footnotes":""},"class_list":["post-10","page","type-page","status-publish","hentry"],"aioseo_notices":[],"_links":{"self":[{"href":"https:\/\/quitoparagliding.com\/web\/wp-json\/wp\/v2\/pages\/10"}],"collection":[{"href":"https:\/\/quitoparagliding.com\/web\/wp-json\/wp\/v2\/pages"}],"about":[{"href":"https:\/\/quitoparagliding.com\/web\/wp-json\/wp\/v2\/types\/page"}],"author":[{"embeddable":true,"href":"https:\/\/quitoparagliding.com\/web\/wp-json\/wp\/v2\/users\/1"}],"replies":[{"embeddable":true,"href":"https:\/\/quitoparagliding.com\/web\/wp-json\/wp\/v2\/comments?post=10"}],"version-history":[{"count":49,"href":"https:\/\/quitoparagliding.com\/web\/wp-json\/wp\/v2\/pages\/10\/revisions"}],"predecessor-version":[{"id":381,"href":"https:\/\/quitoparagliding.com\/web\/wp-json\/wp\/v2\/pages\/10\/revisions\/381"}],"wp:attachment":[{"href":"https:\/\/quitoparagliding.com\/web\/wp-json\/wp\/v2\/media?parent=10"}],"curies":[{"name":"wp","href":"https:\/\/api.w.org\/{rel}","templated":true}]}}