{"id":395,"date":"2021-01-19T12:55:59","date_gmt":"2021-01-19T17:55:59","guid":{"rendered":"http:\/\/quitoparagliding.com\/web\/?page_id=395"},"modified":"2021-01-30T10:05:41","modified_gmt":"2021-01-30T15:05:41","slug":"tours","status":"publish","type":"page","link":"https:\/\/quitoparagliding.com\/web\/tours\/","title":{"rendered":"TOURS"},"content":{"rendered":"<div class=\"wpb-content-wrapper\"><p>[vc_row full_width=\u00bbstretch_row_content\u00bb bg_type=\u00bbbg_color\u00bb parallax_content=\u00bboff\u00bb fadeout_row=\u00bboff\u00bb enable_overlay=\u00bboff\u00bb seperator_enable=\u00bbseperator_enable_value\u00bb seperator_type=\u00bbtilt_right_seperator\u00bb seperator_position=\u00bbbottom_seperator\u00bb seperator_svg_height=\u00bb70&#8243; seperator_shape_background=\u00bb#000000&#8243; css=\u00bb.vc_custom_1565140252966{background-position: center !important;background-repeat: no-repeat !important;background-size: cover !important;}\u00bb bg_color_value=\u00bb#ffffff\u00bb][vc_column]\n\t\t\t<!-- START Tours REVOLUTION SLIDER 6.6.20 --><p class=\"rs-p-wp-fix\"><\/p>\n\t\t\t<rs-module-wrap id=\"rev_slider_19_1_wrapper\" data-source=\"gallery\" style=\"visibility:hidden;background:transparent;padding:0;\">\n\t\t\t\t<rs-module id=\"rev_slider_19_1\" style=\"\" data-version=\"6.6.20\">\n\t\t\t\t\t<rs-slides style=\"overflow: hidden; position: absolute;\">\n\t\t\t\t\t\t<rs-slide style=\"position: absolute;\" data-key=\"rs-47\" data-title=\"Slide\" data-duration=\"7320\" data-anim=\"adpr:false;\">\n\t\t\t\t\t\t\t<img decoding=\"async\" src=\"\/\/quitoparagliding.com\/web\/wp-content\/plugins\/revslider\/public\/assets\/assets\/dummy.png\" alt=\"\" title=\"TOURS\" class=\"rev-slidebg tp-rs-img rs-lazyload\" data-lazyload=\"\/\/quitoparagliding.com\/web\/wp-content\/uploads\/2019\/07\/GT-S75621370.jpg\" data-panzoom=\"d:7000;ss:110;se:100;os:1\/0;oe:300\/0;\" data-no-retina>\n<!--\n\t\t\t\t\t\t\t--><rs-layer\n\t\t\t\t\t\t\t\tid=\"slider-19-slide-47-layer-1\" \n\t\t\t\t\t\t\t\tdata-type=\"text\"\n\t\t\t\t\t\t\t\tdata-color=\"#ffffff\"\n\t\t\t\t\t\t\t\tdata-rsp_ch=\"on\"\n\t\t\t\t\t\t\t\tdata-xy=\"x:664px;y:c;yo:56px;\"\n\t\t\t\t\t\t\t\tdata-text=\"s:100;l:110;ls:0px;a:inherit;\"\n\t\t\t\t\t\t\t\tdata-frame_0=\"y:100%;tp:600;\"\n\t\t\t\t\t\t\t\tdata-frame_0_mask=\"u:t;y:100%;\"\n\t\t\t\t\t\t\t\tdata-frame_1=\"tp:600;e:power2.inOut;st:990;sp:1450;sR:990;\"\n\t\t\t\t\t\t\t\tdata-frame_1_mask=\"u:t;\"\n\t\t\t\t\t\t\t\tdata-frame_999=\"y:-100%;tp:600;e:nothing;st:7120;sR:4680;\"\n\t\t\t\t\t\t\t\tdata-frame_999_mask=\"u:t;\"\n\t\t\t\t\t\t\t\tstyle=\"z-index:5;font-family:'Anton';\"\n\t\t\t\t\t\t\t>OUTDOOR TOURS \n\t\t\t\t\t\t\t<\/rs-layer><!--\n-->\t\t\t\t\t\t<\/rs-slide>\n\t\t\t\t\t\t<rs-slide style=\"position: absolute;\" data-key=\"rs-48\" data-title=\"Slide\" data-duration=\"7320\" data-anim=\"adpr:false;\">\n\t\t\t\t\t\t\t<img decoding=\"async\" src=\"\/\/quitoparagliding.com\/web\/wp-content\/plugins\/revslider\/public\/assets\/assets\/dummy.png\" alt=\"\" title=\"TOURS\" class=\"rev-slidebg tp-rs-img rs-lazyload\" data-lazyload=\"\/\/quitoparagliding.com\/web\/wp-content\/uploads\/2019\/07\/GT-S75621404.jpg\" data-panzoom=\"d:7000;ss:110;se:100;os:1\/0;oe:300\/0;\" data-no-retina>\n<!--\n\t\t\t\t\t\t\t--><rs-layer\n\t\t\t\t\t\t\t\tid=\"slider-19-slide-48-layer-1\" \n\t\t\t\t\t\t\t\tdata-type=\"text\"\n\t\t\t\t\t\t\t\tdata-color=\"#ffffff\"\n\t\t\t\t\t\t\t\tdata-rsp_ch=\"on\"\n\t\t\t\t\t\t\t\tdata-xy=\"x:180px;y:c;yo:77px;\"\n\t\t\t\t\t\t\t\tdata-text=\"s:100;l:110;ls:0px;a:inherit;\"\n\t\t\t\t\t\t\t\tdata-frame_0=\"y:100%;tp:600;\"\n\t\t\t\t\t\t\t\tdata-frame_0_mask=\"u:t;y:100%;\"\n\t\t\t\t\t\t\t\tdata-frame_1=\"tp:600;e:power2.inOut;st:990;sp:1450;sR:990;\"\n\t\t\t\t\t\t\t\tdata-frame_1_mask=\"u:t;\"\n\t\t\t\t\t\t\t\tdata-frame_999=\"y:-100%;tp:600;e:nothing;st:7120;sR:4680;\"\n\t\t\t\t\t\t\t\tdata-frame_999_mask=\"u:t;\"\n\t\t\t\t\t\t\t\tstyle=\"z-index:5;font-family:'Anton';\"\n\t\t\t\t\t\t\t>TREKKING \n\t\t\t\t\t\t\t<\/rs-layer><!--\n-->\t\t\t\t\t\t<\/rs-slide>\n\t\t\t\t\t<\/rs-slides>\n\t\t\t\t<\/rs-module>\n\t\t\t\t<script>\n\t\t\t\t\tsetREVStartSize({c: 'rev_slider_19_1',rl:[1240,1024,778,480],el:[],gw:[1500],gh:[690],type:'standard',justify:'',layout:'fullscreen',offsetContainer:'',offset:'',mh:\"0\"});if (window.RS_MODULES!==undefined && window.RS_MODULES.modules!==undefined && window.RS_MODULES.modules[\"revslider191\"]!==undefined) {window.RS_MODULES.modules[\"revslider191\"].once = false;window.revapi19 = undefined;if (window.RS_MODULES.checkMinimal!==undefined) window.RS_MODULES.checkMinimal()}\n\t\t\t\t<\/script>\n\t\t\t<\/rs-module-wrap>\n\t\t\t<!-- END REVOLUTION SLIDER -->\n[\/vc_column][\/vc_row][vc_row gap=\u00bb30&#8243; css=\u00bb.vc_custom_1565141769410{margin-right: 30px !important;margin-left: 30px !important;}\u00bb][vc_column width=\u00bb1\/2&#8243;]<div class=\"boc_spacing \" style=\"height: 20px\"><\/div>[vc_single_image alignment=\u00bbright\u00bb style=\u00bbvc_box_outline\u00bb border_color=\u00bbchino\u00bb css_animation=\u00bbboc_animate_when_almost_visible boc_right-to-left\u00bb image=\u00bb402&#8243;][\/vc_column][vc_column width=\u00bb1\/2&#8243;]<div class=\"boc_spacing \" style=\"height: 20px\"><\/div><div class=\"boc_spacing \" style=\"height: 20px\"><\/div><div class=\"boc_spacing \" style=\"height: 20px\"><\/div>[vc_column_text]El volc\u00e1n Imbabura, ubicado a\u00a0 2 horas 30 minutos\u00a0 al norte de Quito es un complejo Volc\u00e1nico, con un di\u00e1metro de 16 km y una altura de 4,621 msnm., forma parte del Valle Interandino \u00a0al norte del Ecuador. Caracterizado por tener en sus estribaciones a las principales ciudades de la provincia; Ibarra, Atuntaqui,\u00a0 Otavalo, con su remanente acu\u00edfero como lo es, el Lago San Pablo, el lago m\u00e1s grande del Ecuador (3.62 km.). Es el lugar ideal para realizar un monta\u00f1ismo de nivel medio, apto para todas las edades y la oportunidad de apreciar uno de los paisajes m\u00e1s privilegiados del Ecuador.[\/vc_column_text][\/vc_column][\/vc_row][vc_row][vc_column]<div class=\"boc_spacing \" style=\"height: 20px\"><\/div><div class=\"boc_spacing \" style=\"height: 20px\"><\/div>[\/vc_column][\/vc_row][vc_row gap=\u00bb30&#8243; css=\u00bb.vc_custom_1565141795414{margin-right: 30px !important;margin-left: 30px !important;}\u00bb][vc_column width=\u00bb1\/2&#8243;]<div class=\"boc_spacing \" style=\"height: 20px\"><\/div><div class=\"boc_spacing \" style=\"height: 20px\"><\/div><div class=\"boc_spacing \" style=\"height: 20px\"><\/div>[vc_single_image image=\u00bb443&#8243;][\/vc_column][vc_column width=\u00bb1\/2&#8243;]<div class=\"boc_spacing \" style=\"height: 20px\"><\/div>[vc_single_image style=\u00bbvc_box_outline\u00bb css_animation=\u00bbboc_animate_when_almost_visible boc_left-to-right\u00bb image=\u00bb403&#8243;][\/vc_column][\/vc_row][vc_row gap=\u00bb30&#8243; css=\u00bb.vc_custom_1565141795414{margin-right: 30px !important;margin-left: 30px !important;}\u00bb][vc_column width=\u00bb1\/2&#8243;]<div class=\"boc_spacing \" style=\"height: 20px\"><\/div>[vc_single_image style=\u00bbvc_box_outline\u00bb css_animation=\u00bbboc_animate_when_almost_visible boc_left-to-right\u00bb image=\u00bb402&#8243;][vc_column_text]<strong>RECOMENDACIONES<\/strong><\/p>\n<p><strong>ROPA Y EQUIPO PARA MONTA\u00d1ISMO<\/strong>: MEDIA MONTA\u00d1A. (GORRA DE LANA, BUFF, CHAQUETA IMPEMEABLE DOBLE CAPA, MOCHILA, GUANTES, PANTAL\u00d3N\u00a0 IMPERMEABLE O SECADO R\u00c1PIDO, ZAPATOS O BOTAS DE MEDIA MONTA\u00d1A). OPCIONALES: (BASTONES, GAFAS, MEDIAS DE MONTA\u00d1A).<\/p>\n<p><strong>ALIMENTOS:<\/strong> RICOS EN FIBRA Y PROTE\u00cdNA: (AT\u00daN, POLLO, CHOCHOS, MA\u00cdZ\u00a0 TOSTADO, HABAS TOSTADAS,\u00a0 CHOCOLATE, BARRAS DE GRANOLA, MANZANAS, PL\u00c1TANOS, MANDARINAS, NUECES, ALMENDRAS, PASAS).<\/p>\n<p>[\/vc_column_text][\/vc_column][vc_column width=\u00bb1\/2&#8243;]<div class=\"boc_spacing \" style=\"height: 20px\"><\/div><div class=\"boc_spacing \" style=\"height: 20px\"><\/div><div class=\"boc_spacing \" style=\"height: 20px\"><\/div>[vc_single_image image=\u00bb447&#8243;][\/vc_column][\/vc_row][vc_row][vc_column]<div class=\"boc_spacing \" style=\"height: 50px\"><\/div>[\/vc_column][\/vc_row]<\/p>\n<\/div>","protected":false},"excerpt":{"rendered":"<p>[vc_row full_width=\u00bbstretch_row_content\u00bb bg_type=\u00bbbg_color\u00bb parallax_content=\u00bboff\u00bb fadeout_row=\u00bboff\u00bb enable_overlay=\u00bboff\u00bb seperator_enable=\u00bbseperator_enable_value\u00bb seperator_type=\u00bbtilt_right_seperator\u00bb seperator_position=\u00bbbottom_seperator\u00bb seperator_svg_height=\u00bb70&#8243; seperator_shape_background=\u00bb#000000&#8243; css=\u00bb.vc_custom_1565140252966{background-position: center !important;background-repeat: no-repeat !important;background-size: cover !important;}\u00bb bg_color_value=\u00bb#ffffff\u00bb][vc_column][\/vc_column][\/vc_row][vc_row gap=\u00bb30&#8243; css=\u00bb.vc_custom_1565141769410{margin-right: 30px !important;margin-left: 30px !important;}\u00bb][vc_column width=\u00bb1\/2&#8243;][vc_single_image alignment=\u00bbright\u00bb style=\u00bbvc_box_outline\u00bb border_color=\u00bbchino\u00bb css_animation=\u00bbboc_animate_when_almost_visible boc_right-to-left\u00bb image=\u00bb402&#8243;][\/vc_column][vc_column width=\u00bb1\/2&#8243;][vc_column_text]El volc\u00e1n Imbabura, ubicado a\u00a0 2 horas 30 minutos\u00a0 al norte de Quito es un complejo Volc\u00e1nico, con un di\u00e1metro de 16 km y una altura de 4,621<\/p>\n<div class=\"h10\"><\/div>\n<p><a class=\"more-link1\" href=\"https:\/\/quitoparagliding.com\/web\/tours\/\">Read more<\/a><\/p>\n","protected":false},"author":2,"featured_media":0,"parent":0,"menu_order":0,"comment_status":"closed","ping_status":"closed","template":"","meta":{"footnotes":""},"class_list":["post-395","page","type-page","status-publish","hentry"],"aioseo_notices":[],"_links":{"self":[{"href":"https:\/\/quitoparagliding.com\/web\/wp-json\/wp\/v2\/pages\/395"}],"collection":[{"href":"https:\/\/quitoparagliding.com\/web\/wp-json\/wp\/v2\/pages"}],"about":[{"href":"https:\/\/quitoparagliding.com\/web\/wp-json\/wp\/v2\/types\/page"}],"author":[{"embeddable":true,"href":"https:\/\/quitoparagliding.com\/web\/wp-json\/wp\/v2\/users\/2"}],"replies":[{"embeddable":true,"href":"https:\/\/quitoparagliding.com\/web\/wp-json\/wp\/v2\/comments?post=395"}],"version-history":[{"count":22,"href":"https:\/\/quitoparagliding.com\/web\/wp-json\/wp\/v2\/pages\/395\/revisions"}],"predecessor-version":[{"id":451,"href":"https:\/\/quitoparagliding.com\/web\/wp-json\/wp\/v2\/pages\/395\/revisions\/451"}],"wp:attachment":[{"href":"https:\/\/quitoparagliding.com\/web\/wp-json\/wp\/v2\/media?parent=395"}],"curies":[{"name":"wp","href":"https:\/\/api.w.org\/{rel}","templated":true}]}}