{"id":195,"date":"2019-08-06T19:47:04","date_gmt":"2019-08-06T17:47:04","guid":{"rendered":"http:\/\/quitoparagliding.com\/web\/?post_type=product&#038;p=195"},"modified":"2021-05-28T05:20:02","modified_gmt":"2021-05-28T10:20:02","slug":"guantes-plusmax","status":"publish","type":"product","link":"https:\/\/quitoparagliding.com\/web\/producto\/guantes-plusmax\/","title":{"rendered":"Mosquetones Quick Out Usados"},"content":{"rendered":"<p style=\"text-align: justify;\">Dise\u00f1ado para permitir soltar el parapente una vez abierto el paraca\u00eddas de emergencia \u00f3 en caso de aterrizajes de emergencia en \u00e1rboles, agua y con vientos fuertes.<\/p>\n","protected":false},"excerpt":{"rendered":"<p>Dise\u00f1ado para permitir soltar el parapente una vez abierto el paraca\u00eddas de emergencia \u00f3 en caso de aterrizajes de emergencia en \u00e1rboles, agua y con vientos fuertes.<\/p>\n","protected":false},"featured_media":475,"comment_status":"open","ping_status":"closed","template":"","meta":[],"product_cat":[17],"product_tag":[],"class_list":{"0":"post-195","1":"product","2":"type-product","3":"status-publish","4":"has-post-thumbnail","6":"product_cat-productos","8":"first","9":"instock","10":"shipping-taxable","11":"purchasable","12":"product-type-simple"},"aioseo_notices":[],"_links":{"self":[{"href":"https:\/\/quitoparagliding.com\/web\/wp-json\/wp\/v2\/product\/195"}],"collection":[{"href":"https:\/\/quitoparagliding.com\/web\/wp-json\/wp\/v2\/product"}],"about":[{"href":"https:\/\/quitoparagliding.com\/web\/wp-json\/wp\/v2\/types\/product"}],"replies":[{"embeddable":true,"href":"https:\/\/quitoparagliding.com\/web\/wp-json\/wp\/v2\/comments?post=195"}],"wp:featuredmedia":[{"embeddable":true,"href":"https:\/\/quitoparagliding.com\/web\/wp-json\/wp\/v2\/media\/475"}],"wp:attachment":[{"href":"https:\/\/quitoparagliding.com\/web\/wp-json\/wp\/v2\/media?parent=195"}],"wp:term":[{"taxonomy":"product_cat","embeddable":true,"href":"https:\/\/quitoparagliding.com\/web\/wp-json\/wp\/v2\/product_cat?post=195"},{"taxonomy":"product_tag","embeddable":true,"href":"https:\/\/quitoparagliding.com\/web\/wp-json\/wp\/v2\/product_tag?post=195"}],"curies":[{"name":"wp","href":"https:\/\/api.w.org\/{rel}","templated":true}]}}